{"id":6520,"date":"2024-06-11T11:11:24","date_gmt":"2024-06-11T11:11:24","guid":{"rendered":"https:\/\/interiorstories.com\/domande-frequenti\/"},"modified":"2024-10-14T09:20:08","modified_gmt":"2024-10-14T09:20:08","slug":"domande-frequenti","status":"publish","type":"page","link":"https:\/\/interiorstories.com\/it\/domande-frequenti\/","title":{"rendered":"DOMANDE FREQUENTI"},"content":{"rendered":"<style>#sp-ea-5987 .spcollapsing { height: 0; overflow: hidden; transition-property: height;transition-duration: 300ms;}#sp-ea-5987.sp-easy-accordion>.sp-ea-single {margin-bottom: 10px; border: 1px solid #e2e2e2; }#sp-ea-5987.sp-easy-accordion>.sp-ea-single>.ea-header a {color: #444;}#sp-ea-5987.sp-easy-accordion>.sp-ea-single>.sp-collapse>.ea-body {background: #fff; color: #444;}#sp-ea-5987.sp-easy-accordion>.sp-ea-single {background: #eee;}#sp-ea-5987.sp-easy-accordion>.sp-ea-single>.ea-header a .ea-expand-icon { float: left; color: #444;font-size: 16px;}<\/style><div id=\"sp_easy_accordion-1718463954\"><div id=\"sp-ea-5987\" class=\"sp-ea-one sp-easy-accordion\" data-ea-active=\"ea-click\" data-ea-mode=\"vertical\" data-preloader=\"\" data-scroll-active-item=\"\" data-offset-to-scroll=\"0\"><div class=\"ea-card ea-expand sp-ea-single\"><h3 class=\"ea-header\"><a class=\"collapsed\" id=\"ea-header-59870\" role=\"button\" data-sptoggle=\"spcollapse\" data-sptarget=\"#collapse59870\" aria-controls=\"collapse59870\" href=\"#\" aria-expanded=\"true\" tabindex=\"0\"><i aria-hidden=\"true\" role=\"presentation\" class=\"ea-expand-icon eap-icon-ea-expand-minus\"><\/i> 1. Quali BONUS sono disponibili nel 2024 per le ristrutturazioni in Italia?<\/a><\/h3><div class=\"sp-collapse spcollapse collapsed show\" id=\"collapse59870\" data-parent=\"#sp-ea-5987\" role=\"region\" aria-labelledby=\"ea-header-59870\"> <div class=\"ea-body\"><p>L'Italia offre diversi bonus per le ristrutturazioni nel 2024 mirati a migliorare l'efficienza energetica, la resilienza sismica e le condizioni generali degli immobili. Ecco i principali incentivi:<\/p><ol><li><strong>Superbonus<\/strong>: Questo beneficio \u00e8 stato ridotto a una detrazione del 70% per la maggior parte delle spese di ristrutturazione, rispetto al 90% del 2023. Si applica principalmente ai condomini e agli edifici fino a quattro unit\u00e0 possedute dalla stessa persona. Le case unifamiliari e bifamiliari sono generalmente escluse, a meno che non siano state soddisfatte determinate condizioni, come aver completato una parte significativa dei lavori entro la fine del 2022<\/li><li><strong>Ecobonus<\/strong>: Questo bonus offre detrazioni fiscali per miglioramenti dell'efficienza energetica, che variano dal 50% al 75% a seconda del tipo di intervento. Include l'installazione di finestre, porte, caldaie e sistemi di schermatura energeticamente efficienti. Queste detrazioni sono ripartite su dieci anni<\/li><li><strong>Bonus Ristrutturazioni<\/strong>: Questo offre una detrazione fiscale del 50% sulle spese per vari tipi di miglioramenti immobiliari, inclusi la manutenzione ordinaria e straordinaria, le ristrutturazioni edilizie e il restauro. La spesa massima ammissibile per questa detrazione \u00e8 di \u20ac96.000 per unit\u00e0 immobiliare, con il beneficio distribuito su dieci anni<\/li><li><strong>Sismabonus<\/strong>: Mirato a migliorare la resilienza sismica degli edifici, questo bonus offre una detrazione del 50% sulle spese pertinenti. Se i lavori comportano una riduzione del rischio sismico di una o due classi, la detrazione aumenta al 70%-80%, e fino all'85% per gli edifici condominiali<ol><li><strong>Bonus Mobili e Elettrodomestici<\/strong>: Questo fornisce una detrazione fiscale del 50% sull'acquisto di mobili ed elettrodomestici per immobili ristrutturati, con un limite di spesa di \u20ac5.000 per unit\u00e0<\/li><li><strong>Bonus Barriere Architettoniche<\/strong>: Questo offre una detrazione del 75% sulle spese per rendere gli edifici pi\u00f9 accessibili, come l'installazione di rampe, ascensori e montascale. La spesa massima ammissibile varia a seconda del tipo di edificio<\/li><li><strong>Bonus Verde<\/strong>: Questo fornisce una detrazione fiscale del 36% sulle spese per migliorare gli spazi esterni residenziali, come l'installazione di sistemi di irrigazione e la creazione di giardini pensili, con una spesa massima di \u20ac5.000 per unit\u00e0<\/li><\/ol><\/li><li>Questi incentivi fanno parte degli sforzi pi\u00f9 ampi dell'Italia per migliorare la sostenibilit\u00e0 e la sicurezza del proprio patrimonio edilizio, supportando sia i proprietari di case che il settore delle costruzioni.<\/li><\/ol><\/div><\/div><\/div><div class=\"ea-card sp-ea-single\"><h3 class=\"ea-header\"><a class=\"collapsed\" id=\"ea-header-59871\" role=\"button\" data-sptoggle=\"spcollapse\" data-sptarget=\"#collapse59871\" aria-controls=\"collapse59871\" href=\"#\" aria-expanded=\"false\" tabindex=\"0\"><i aria-hidden=\"true\" role=\"presentation\" class=\"ea-expand-icon eap-icon-ea-expand-plus\"><\/i> 2. Quali sono i vantaggi di assumere un Interior Designer?<\/a><\/h3><div class=\"sp-collapse spcollapse \" id=\"collapse59871\" data-parent=\"#sp-ea-5987\" role=\"region\" aria-labelledby=\"ea-header-59871\"> <div class=\"ea-body\"><p>Oltre a una conoscenza approfondita degli spazi interni dal concetto alla costruzione, assumere un Interior Designer comporta i seguenti vantaggi:<\/p><p><strong>Accesso a Risorse e Contatti<\/strong> - Abbiamo accesso a una vasta gamma di materiali, prodotti e arredamenti che in alcuni casi non sono facilmente disponibili al pubblico. Allo stesso modo, portiamo una rete di contatti fidati tra appaltatori, artigiani e fornitori, che pu\u00f2 garantire un lavoro di alta qualit\u00e0 e il completamento tempestivo del progetto.<\/p><p><strong>Risparmio di Costi e Tempo<\/strong> - Ti aiutiamo a creare e rispettare un budget, facendo scelte convenienti senza sacrificare la qualit\u00e0. Possiamo anche evitare costosi errori pianificando il progetto in modo dettagliato.<\/p><p><strong>Efficienza Temporale<\/strong> - Gestiamo tutte le ricerche, l'approvvigionamento e la gestione del progetto, risparmiandoti tempo e fatica significativi. Questo garantisce un processo di ristrutturazione pi\u00f9 fluido e veloce.<\/p><p><strong>Aumento del Valore della Propriet\u00e0<\/strong> - Interni ben progettati migliorano l'appeal estetico di una propriet\u00e0, aumentando il suo valore di mercato. Questo \u00e8 particolarmente vantaggioso se hai intenzione di vendere o affittare la propriet\u00e0 in futuro.<\/p><p><strong>Miglioramenti Funzionali<\/strong> - I designer assicurano che lo spazio sia non solo bello ma anche funzionale, il che aggiunge valore e godimento complessivo della propriet\u00e0.<\/p><p><strong>Coordinamento Senza Soluzione di Continuit\u00e0<\/strong> - I designer coordinano con appaltatori, architetti e altri professionisti per garantire che tutti gli aspetti della ristrutturazione siano allineati con la visione generale del design. Questo riduce le incomprensioni e i ritardi.<\/p><p><strong>Risoluzione dei Problemi<\/strong> - Siamo abili nell'identificare potenziali problemi in anticipo e nel fornire soluzioni, prevenendo che piccoli problemi diventino grandi ostacoli.<\/p><p><strong>Riduzione dello Stress<\/strong> - Gestendo gli aspetti complessi della ristrutturazione, riduciamo lo stress e il fastidio per te. Ci occupiamo della logistica, permettendoti di concentrarti sul goderti la trasformazione del tuo spazio.<\/p><p>Incorporare un interior designer nel tuo progetto di ristrutturazione porta un mix di competenze professionali, visione creativa e soluzioni pratiche che migliorano il risultato complessivo. La loro capacit\u00e0 di gestire elementi estetici e funzionali, unita a un'efficiente coordinazione del progetto e gestione dei costi, li rende una risorsa preziosa per qualsiasi ristrutturazione.<\/p><\/div><\/div><\/div><div class=\"ea-card sp-ea-single\"><h3 class=\"ea-header\"><a class=\"collapsed\" id=\"ea-header-59872\" role=\"button\" data-sptoggle=\"spcollapse\" data-sptarget=\"#collapse59872\" aria-controls=\"collapse59872\" href=\"#\" aria-expanded=\"false\" tabindex=\"0\"><i aria-hidden=\"true\" role=\"presentation\" class=\"ea-expand-icon eap-icon-ea-expand-plus\"><\/i> 3. Un Interior Designer aumenter\u00e0 il costo complessivo del progetto?<\/a><\/h3><div class=\"sp-collapse spcollapse \" id=\"collapse59872\" data-parent=\"#sp-ea-5987\" role=\"region\" aria-labelledby=\"ea-header-59872\"> <div class=\"ea-body\"><p>Assumere un Interior Designer pu\u00f2 effettivamente aiutarti a risparmiare denaro in diversi modi:<\/p><ol><li><strong>Evitare Errori Costosi<\/strong>: Gli interior designer hanno esperienza e conoscenza dei principi di design, materiali e fornitori. Possono aiutarti a prendere decisioni informate, prevenendo errori costosi come acquistare mobili che non si adattano allo spazio o selezionare materiali che non si combinano bene<\/li><li><strong>Accesso a Sconti<\/strong>: Molti interior designer hanno rapporti consolidati con fornitori e venditori, il che pu\u00f2 spesso tradursi in sconti su mobili, accessori e materiali. Questi sconti possono aiutare a compensare il costo dei loro servizi<\/li><li><strong>Gestione del Budget<\/strong>: Un buon interior designer lavorer\u00e0 all'interno dei tuoi vincoli di budget. Possono aiutarti a prioritizzare dove allocare i fondi per il massimo impatto, sia che si tratti di investire in pezzi di arredamento chiave o di concentrarsi su elementi di design ad alto impatto<\/li><li><strong>Risparmio di Tempo<\/strong>: Il tempo \u00e8 denaro, e assumendo un interior designer risparmi tempo e fatica necessari per ricercare idee di design, reperire materiali e coordinarti con gli appaltatori. I designer possono semplificare il processo e gestire la logistica, permettendoti di concentrarti su altre priorit\u00e0<\/li><li><strong>Aumento del Valore della Propriet\u00e0<\/strong>: Un interno ben progettato pu\u00f2 aumentare il valore della tua propriet\u00e0. Un interior designer pu\u00f2 aiutarti a fare scelte di design strategiche che non solo migliorano il tuo spazio abitativo, ma contribuiscono anche al valore complessivo della tua casa o propriet\u00e0<\/li><li><strong>Efficienza Energetica<\/strong>: Gli interior designer spesso considerano principi di design efficienti dal punto di vista energetico nei loro progetti, il che pu\u00f2 tradursi in risparmi a lungo termine sulle bollette. Possono raccomandare elettrodomestici efficienti, soluzioni di illuminazione e tecniche di isolamento che possono ridurre il tuo consumo energetico nel tempo<\/li><\/ol><p>Investendo nelle competenze di un interior designer, non stai solo pagando per i loro servizi; stai anche investendo nella qualit\u00e0, funzionalit\u00e0 e valore a lungo termine del tuo spazio abitativo.<\/p><\/div><\/div><\/div><div class=\"ea-card sp-ea-single\"><h3 class=\"ea-header\"><a class=\"collapsed\" id=\"ea-header-59873\" role=\"button\" data-sptoggle=\"spcollapse\" data-sptarget=\"#collapse59873\" aria-controls=\"collapse59873\" href=\"#\" aria-expanded=\"false\" tabindex=\"0\"><i aria-hidden=\"true\" role=\"presentation\" class=\"ea-expand-icon eap-icon-ea-expand-plus\"><\/i> 4. \u00c8 necessario un Architetto o un Geometra in ogni progetto?<\/a><\/h3><div class=\"sp-collapse spcollapse \" id=\"collapse59873\" data-parent=\"#sp-ea-5987\" role=\"region\" aria-labelledby=\"ea-header-59873\"> <div class=\"ea-body\"><p>Ristrutturare una propriet\u00e0 in Italia comporta l'assunzione dei professionisti giusti. A seconda del tipo e delle dimensioni dei lavori da eseguire, potrebbe essere necessario ottenere un permesso di costruzione (contattaci per capire se il tuo progetto richiede un permesso). Qualsiasi lavoro che richieda un permesso di costruzione richieder\u00e0 anche un Geometra o un Architetto locale per completare la documentazione necessaria. Ogni regione pu\u00f2 avere regole e incentivi diversi per le ristrutturazioni, soprattutto per l'efficienza energetica e la conservazione storica, e uno di questi professionisti pu\u00f2 guidarti attraverso il processo insieme a un Commercialista italiano.<\/p><\/div><\/div><\/div><div class=\"ea-card sp-ea-single\"><h3 class=\"ea-header\"><a class=\"collapsed\" id=\"ea-header-59874\" role=\"button\" data-sptoggle=\"spcollapse\" data-sptarget=\"#collapse59874\" aria-controls=\"collapse59874\" href=\"#\" aria-expanded=\"false\" tabindex=\"0\"><i aria-hidden=\"true\" role=\"presentation\" class=\"ea-expand-icon eap-icon-ea-expand-plus\"><\/i> 5. Quali Permessi di Costruzione sono necessari per ristrutturare in Italia?<\/a><\/h3><div class=\"sp-collapse spcollapse \" id=\"collapse59874\" data-parent=\"#sp-ea-5987\" role=\"region\" aria-labelledby=\"ea-header-59874\"> <div class=\"ea-body\"><p>Ristrutturare una propriet\u00e0 in Italia richiede vari permessi a seconda del tipo e dell'entit\u00e0 dei lavori. Ecco i principali permessi e processi tipicamente coinvolti:<\/p><ol><li><strong>CILA (Comunicazione Inizio Lavori Asseverata)<\/strong>: \u00c8 necessario per lavori di ristrutturazione minori che non modificano la struttura dell'edificio o la sua facciata esterna. Esempi includono modifiche non strutturali alla disposizione interna o installazioni. Coinvolge la notifica al comune locale e la presentazione di un piano del progetto firmato da un professionista qualificato<\/li><li><strong>SCIA (Segnalazione Certificata di Inizio Attivit\u00e0)<\/strong>: Questo permesso \u00e8 richiesto per ristrutturazioni pi\u00f9 significative, come cambiamenti strutturali o modifiche che influenzano l'aspetto esterno dell'edificio. Richiede un piano del progetto pi\u00f9 dettagliato e deve essere certificato da un professionista. La SCIA consente di iniziare i lavori immediatamente dopo la presentazione, anche se le autorit\u00e0 hanno 30 giorni per sollevare eventuali obiezioni<\/li><li><strong>Permesso di Costruire<\/strong>: \u00c8 necessario per ristrutturazioni importanti che modificano significativamente la struttura dell'edificio, la sua superficie o il suo uso. \u00c8 anche richiesto per nuove costruzioni o grandi estensioni. Ottenere un Permesso di Costruire \u00e8 un processo pi\u00f9 complesso che comporta la presentazione di un piano del progetto dettagliato e valutazioni dell'impatto ambientale. L'approvazione pu\u00f2 richiedere diversi mesi e coinvolge una revisione approfondita da parte delle autorit\u00e0 locali<\/li><li><strong>DIA (Denuncia Inizio Attivit\u00e0)<\/strong>: Sebbene meno comune ora a causa dell'introduzione della SCIA, il DIA pu\u00f2 ancora essere utilizzato per determinati tipi di ristrutturazioni. Richiede una notifica al comune locale e implica un periodo di attesa di 30 giorni prima che i lavori possano iniziare<\/li><li><strong>Super DIA<\/strong>: Questo \u00e8 un ibrido tra la SCIA e il Permesso di Costruire, utilizzato per ristrutturazioni pi\u00f9 complesse rispetto a quelle coperte dalla SCIA ma che non richiedono un Permesso di Costruire completo. Coinvolge un periodo di attesa prima che i lavori possano iniziare<\/li><li><strong>Sanatoria<\/strong>: Si tratta di un permesso retroattivo che legalizza i lavori non autorizzati dopo che sono stati completati. Di solito \u00e8 pi\u00f9 costoso e dovrebbe essere evitato ottenendo i permessi appropriati in anticipo<\/li><\/ol><p>Considerazioni aggiuntive:<\/p><ul><li>Assistenza Professionale: Spesso \u00e8 necessario coinvolgere un architetto o un ingegnere per navigare nel processo di ottenimento dei permessi, preparare la documentazione necessaria e garantire la conformit\u00e0 alle normative locali<\/li><li>Variazioni Locali: I requisiti e i processi di permesso possono variare significativamente tra regioni e comuni in Italia. \u00c8 fondamentale verificare le normative locali e consultare le autorit\u00e0 competenti.<\/li><\/ul><p>Comprendere questi requisiti e ottenere i permessi necessari prima di iniziare qualsiasi lavoro di ristrutturazione \u00e8 essenziale per evitare problemi legali e garantire la sicurezza e la qualit\u00e0 delle ristrutturazioni.<\/p><\/div><\/div><\/div><div class=\"ea-card sp-ea-single\"><h3 class=\"ea-header\"><a class=\"collapsed\" id=\"ea-header-59875\" role=\"button\" data-sptoggle=\"spcollapse\" data-sptarget=\"#collapse59875\" aria-controls=\"collapse59875\" href=\"#\" aria-expanded=\"false\" tabindex=\"0\"><i aria-hidden=\"true\" role=\"presentation\" class=\"ea-expand-icon eap-icon-ea-expand-plus\"><\/i> 6. Interior Stories accetter\u00e0 un progetto al di fuori di Milano?<\/a><\/h3><div class=\"sp-collapse spcollapse \" id=\"collapse59875\" data-parent=\"#sp-ea-5987\" role=\"region\" aria-labelledby=\"ea-header-59875\"> <div class=\"ea-body\"><p>S\u00ec! Il nostro studio \u00e8 basato a Milano ma accettiamo progetti da qualsiasi localit\u00e0 in Italia, Europa o nel Regno Unito. I nostri pacchetti sono personalizzati per ogni progetto, il che significa che includiamo quanto desiderato di incontri faccia a faccia. Generalmente ogni progetto inizia con una consulenza gratuita e senza impegno tramite telefono, video o presenza fisica presso la location del progetto. Una volta confermato il progetto, pianifichiamo un primo incontro in loco per conoscere il team del progetto e prendere tutte le misure necessarie. Le presentazioni di design e gli incontri successivi sono solitamente effettuati online fino alla fase di costruzione, quando consigliamo visite programmate in cantiere.<\/p><\/div><\/div><\/div><\/div><\/div>\n\n\n\n<p><\/p>\n","protected":false},"excerpt":{"rendered":"1. Quali BONUS sono disponibili nel 2024 per le ristrutturazioni in Italia? L'Italia offre diversi bonus per le ristrutturazioni nel","protected":false},"author":1,"featured_media":0,"parent":0,"menu_order":0,"comment_status":"closed","ping_status":"closed","template":"","meta":{"om_disable_all_campaigns":false,"_monsterinsights_skip_tracking":false,"_monsterinsights_sitenote_active":false,"_monsterinsights_sitenote_note":"","_monsterinsights_sitenote_category":0,"_uf_show_specific_survey":0,"_uf_disable_surveys":false,"footnotes":""},"class_list":["post-6520","page","type-page","status-publish","format-standard","hentry"],"featured_image_src":"","featured_image_src_square":"","_links":{"self":[{"href":"https:\/\/interiorstories.com\/it\/wp-json\/wp\/v2\/pages\/6520","targetHints":{"allow":["GET"]}}],"collection":[{"href":"https:\/\/interiorstories.com\/it\/wp-json\/wp\/v2\/pages"}],"about":[{"href":"https:\/\/interiorstories.com\/it\/wp-json\/wp\/v2\/types\/page"}],"author":[{"embeddable":true,"href":"https:\/\/interiorstories.com\/it\/wp-json\/wp\/v2\/users\/1"}],"replies":[{"embeddable":true,"href":"https:\/\/interiorstories.com\/it\/wp-json\/wp\/v2\/comments?post=6520"}],"version-history":[{"count":2,"href":"https:\/\/interiorstories.com\/it\/wp-json\/wp\/v2\/pages\/6520\/revisions"}],"predecessor-version":[{"id":6583,"href":"https:\/\/interiorstories.com\/it\/wp-json\/wp\/v2\/pages\/6520\/revisions\/6583"}],"wp:attachment":[{"href":"https:\/\/interiorstories.com\/it\/wp-json\/wp\/v2\/media?parent=6520"}],"curies":[{"name":"wp","href":"https:\/\/api.w.org\/{rel}","templated":true}]}}